{"id":562,"date":"2014-07-09T00:12:12","date_gmt":"2014-07-08T22:12:12","guid":{"rendered":"http:\/\/knalpijp.be\/?page_id=562"},"modified":"2024-04-23T22:02:44","modified_gmt":"2024-04-23T20:02:44","slug":"login-page","status":"publish","type":"page","link":"https:\/\/knalpijp.be\/fr\/login-page\/","title":{"rendered":"Connexion BGMC"},"content":{"rendered":"<p>\n<div class=\"cleanlogin-container\">\t\t\n\n\t<form class=\"cleanlogin-form\" method=\"post\" action=\"https:\/\/knalpijp.be\/fr\/login-page\/\" onsubmit=\"submit.disabled = true; return true;\" data-trp-original-action=\"https:\/\/knalpijp.be\/fr\/login-page\/\">\n\t\t\t\n\t\t<fieldset>\n\n\t\t\t\t\t\t<div class=\"cleanlogin-field\">\n                <label for=\"log\">Username<\/label>\n\t\t\t\t<input class=\"cleanlogin-field-username\" type=\"text\" name=\"log\" placeholder=\"Username\" aria-label=\"Username\">\n\t\t\t<\/div>\n\t\t\t\n\t\t\t<div class=\"cleanlogin-field\">\n                <label for=\"pwd\">Password<\/label>\n\t\t\t\t<input class=\"cleanlogin-field-password\" type=\"password\" id=\"pwd\" name=\"pwd\" placeholder=\"Password\" aria-label=\"Password\">\n                <i class=\"bi bi-eye-slash\" id=\"togglePassword\"><\/i>\n\t\t\t<\/div>\n\n\t\t\t\t\t\n\t\t\t<input type=\"hidden\" name=\"clean_login_wpnonce\" value=\"6d3368b170\">\n            \n\t\t\t\t\t<\/fieldset>\n\t\t\n\t\t<fieldset>\n\t\t\t<input class=\"cleanlogin-field\" type=\"submit\" value=\"Log in\" name=\"submit\">\n\t\t\t<input type=\"hidden\" name=\"action\" value=\"login\">\n\t\t\t\n\t\t\t<div class=\"cleanlogin-field cleanlogin-field-remember\">\n\t\t\t\t<input type=\"checkbox\" id=\"rememberme\" name=\"rememberme\" value=\"forever\">\n\t\t\t\t<label for=\"rememberme\">Remember?<\/label>\n\t\t\t<\/div>\n\t\t<\/fieldset>\n\n\t\t\n\t\t<div class=\"cleanlogin-form-bottom\">\n\t\t\t\n            <a href='https:\/\/knalpijp.be\/fr\/membership-login\/password-reset\/' class='cleanlogin-form-pwd-link'>Lost password?<\/a>\n\t\t\t\t\t\t\t\t\t\n\t\t<\/div>\n\t\t\n\t<input type=\"hidden\" name=\"trp-form-language\" value=\"fr\"\/><\/form>\n\n<\/div>\n\n<script>\nconst togglePassword = document.querySelector('#togglePassword');\nconst password = document.querySelector('#pwd');\n\ntogglePassword.addEventListener('click', function (e) {\n    const type = password.getAttribute('type') === 'password' ? 'text' : 'password';\n    password.setAttribute('type', type);\n    this.classList.toggle('bi-eye');\n});\n<\/script><\/p>\n<p style=\"text-align: center;\">Vous avez oubli\u00e9 votre mot de passe?<\/p>\n<p style=\"text-align: center;\">Demander <a href=\"mailto:info@knalpijp.be\">ICI <\/a>un nouveau.<\/p>\n<p style=\"text-align: center;\">\n<p>Bienvenue dans la zone membre du BGMC Knalpijp.<\/p>\n<p>En tant que membre payant, vous avez acc\u00e8s \u00e0 des informations suppl\u00e9mentaires concernant le fonctionnement du club.<\/p>\n<p>Ces informations se trouvent dans la barre de menu en haut du site o\u00f9, apr\u00e8s la connexion, un sous-menu appara\u00eet.<\/p>\n<p>Comme le club, le site est dynamique et r\u00e9guli\u00e8rement mis \u00e0 jour, alors revenez souvent.<\/p>","protected":false},"excerpt":{"rendered":"<p>Paswoord vergeten? Vraag HIER een nieuw aan. Welkom in de ledenzone van BGMC Knalpijp. Als betalend lid heb je toegang tot extra info met betrekking tot de werking van de club. Deze informatie kun je terugvinden in de menubalk bovenaan de site waar, na het inloggen, een submenu verschijnt. Net zoals de club is de [&hellip;]<\/p>","protected":false},"author":1,"featured_media":0,"parent":0,"menu_order":0,"comment_status":"closed","ping_status":"closed","template":"","meta":{"footnotes":""},"yoast_head":"<!-- This site is optimized with the Yoast SEO plugin v21.9.1 - https:\/\/yoast.com\/wordpress\/plugins\/seo\/ -->\n<title>BGMC Login - BGMC Knalpijp<\/title>\n<meta name=\"robots\" content=\"noindex, follow\" \/>\n<meta property=\"og:locale\" content=\"fr_FR\" \/>\n<meta property=\"og:type\" content=\"article\" \/>\n<meta property=\"og:title\" content=\"BGMC Login - BGMC Knalpijp\" \/>\n<meta property=\"og:description\" content=\"Paswoord vergeten? Vraag HIER een nieuw aan. Welkom in de ledenzone van BGMC Knalpijp. Als betalend lid heb je toegang tot extra info met betrekking tot de werking van de club. Deze informatie kun je terugvinden in de menubalk bovenaan de site waar, na het inloggen, een submenu verschijnt. Net zoals de club is de [&hellip;]\" \/>\n<meta property=\"og:url\" content=\"https:\/\/knalpijp.be\/fr\/login-page\/\" \/>\n<meta property=\"og:site_name\" content=\"BGMC Knalpijp\" \/>\n<meta property=\"article:publisher\" content=\"https:\/\/www.facebook.com\/belgiangaymotorcycleclub\" \/>\n<meta property=\"article:modified_time\" content=\"2024-04-23T20:02:44+00:00\" \/>\n<meta name=\"twitter:card\" content=\"summary_large_image\" \/>\n<script type=\"application\/ld+json\" class=\"yoast-schema-graph\">{\"@context\":\"https:\/\/schema.org\",\"@graph\":[{\"@type\":\"WebPage\",\"@id\":\"https:\/\/knalpijp.be\/login-page\/\",\"url\":\"https:\/\/knalpijp.be\/login-page\/\",\"name\":\"BGMC Login - BGMC Knalpijp\",\"isPartOf\":{\"@id\":\"https:\/\/knalpijp.be\/#website\"},\"datePublished\":\"2014-07-08T22:12:12+00:00\",\"dateModified\":\"2024-04-23T20:02:44+00:00\",\"breadcrumb\":{\"@id\":\"https:\/\/knalpijp.be\/login-page\/#breadcrumb\"},\"inLanguage\":\"fr-BE\",\"potentialAction\":[{\"@type\":\"ReadAction\",\"target\":[\"https:\/\/knalpijp.be\/login-page\/\"]}]},{\"@type\":\"BreadcrumbList\",\"@id\":\"https:\/\/knalpijp.be\/login-page\/#breadcrumb\",\"itemListElement\":[{\"@type\":\"ListItem\",\"position\":1,\"name\":\"Home\",\"item\":\"https:\/\/knalpijp.be\/\"},{\"@type\":\"ListItem\",\"position\":2,\"name\":\"BGMC Login\"}]},{\"@type\":\"WebSite\",\"@id\":\"https:\/\/knalpijp.be\/#website\",\"url\":\"https:\/\/knalpijp.be\/\",\"name\":\"BGMC Knalpijp\",\"description\":\"Belgian Gay Motorcycle Club\/ Club de motards gay Belgique\",\"publisher\":{\"@id\":\"https:\/\/knalpijp.be\/#organization\"},\"inLanguage\":\"fr-BE\"},{\"@type\":\"Organization\",\"@id\":\"https:\/\/knalpijp.be\/#organization\",\"name\":\"BGMC Knalpijp\",\"url\":\"https:\/\/knalpijp.be\/\",\"logo\":{\"@type\":\"ImageObject\",\"inLanguage\":\"fr-BE\",\"@id\":\"https:\/\/knalpijp.be\/#\/schema\/logo\/image\/\",\"url\":\"https:\/\/knalpijp.be\/wp-content\/uploads\/2020\/01\/cropped-cropped-Knalpijp_logo_homepage-768x480-1.jpg\",\"contentUrl\":\"https:\/\/knalpijp.be\/wp-content\/uploads\/2020\/01\/cropped-cropped-Knalpijp_logo_homepage-768x480-1.jpg\",\"width\":768,\"height\":480,\"caption\":\"BGMC Knalpijp\"},\"image\":{\"@id\":\"https:\/\/knalpijp.be\/#\/schema\/logo\/image\/\"},\"sameAs\":[\"https:\/\/www.facebook.com\/belgiangaymotorcycleclub\"]}]}<\/script>\n<!-- \/ Yoast SEO plugin. -->","yoast_head_json":{"title":"BGMC Login - BGMC Knalpijp","robots":{"index":"noindex","follow":"follow"},"og_locale":"fr_FR","og_type":"article","og_title":"BGMC Login - BGMC Knalpijp","og_description":"Paswoord vergeten? Vraag HIER een nieuw aan. Welkom in de ledenzone van BGMC Knalpijp. Als betalend lid heb je toegang tot extra info met betrekking tot de werking van de club. Deze informatie kun je terugvinden in de menubalk bovenaan de site waar, na het inloggen, een submenu verschijnt. Net zoals de club is de [&hellip;]","og_url":"https:\/\/knalpijp.be\/fr\/login-page\/","og_site_name":"BGMC Knalpijp","article_publisher":"https:\/\/www.facebook.com\/belgiangaymotorcycleclub","article_modified_time":"2024-04-23T20:02:44+00:00","twitter_card":"summary_large_image","schema":{"@context":"https:\/\/schema.org","@graph":[{"@type":"WebPage","@id":"https:\/\/knalpijp.be\/login-page\/","url":"https:\/\/knalpijp.be\/login-page\/","name":"BGMC Login - BGMC Knalpijp","isPartOf":{"@id":"https:\/\/knalpijp.be\/#website"},"datePublished":"2014-07-08T22:12:12+00:00","dateModified":"2024-04-23T20:02:44+00:00","breadcrumb":{"@id":"https:\/\/knalpijp.be\/login-page\/#breadcrumb"},"inLanguage":"fr-BE","potentialAction":[{"@type":"ReadAction","target":["https:\/\/knalpijp.be\/login-page\/"]}]},{"@type":"BreadcrumbList","@id":"https:\/\/knalpijp.be\/login-page\/#breadcrumb","itemListElement":[{"@type":"ListItem","position":1,"name":"Home","item":"https:\/\/knalpijp.be\/"},{"@type":"ListItem","position":2,"name":"BGMC Login"}]},{"@type":"WebSite","@id":"https:\/\/knalpijp.be\/#website","url":"https:\/\/knalpijp.be\/","name":"BGMC Knalpijp","description":"Belgian Gay Motorcycle Club\/ Club de motards gay Belgique","publisher":{"@id":"https:\/\/knalpijp.be\/#organization"},"inLanguage":"fr-BE"},{"@type":"Organization","@id":"https:\/\/knalpijp.be\/#organization","name":"BGMC Knalpijp","url":"https:\/\/knalpijp.be\/","logo":{"@type":"ImageObject","inLanguage":"fr-BE","@id":"https:\/\/knalpijp.be\/#\/schema\/logo\/image\/","url":"https:\/\/knalpijp.be\/wp-content\/uploads\/2020\/01\/cropped-cropped-Knalpijp_logo_homepage-768x480-1.jpg","contentUrl":"https:\/\/knalpijp.be\/wp-content\/uploads\/2020\/01\/cropped-cropped-Knalpijp_logo_homepage-768x480-1.jpg","width":768,"height":480,"caption":"BGMC Knalpijp"},"image":{"@id":"https:\/\/knalpijp.be\/#\/schema\/logo\/image\/"},"sameAs":["https:\/\/www.facebook.com\/belgiangaymotorcycleclub"]}]}},"_links":{"self":[{"href":"https:\/\/knalpijp.be\/fr\/wp-json\/wp\/v2\/pages\/562"}],"collection":[{"href":"https:\/\/knalpijp.be\/fr\/wp-json\/wp\/v2\/pages"}],"about":[{"href":"https:\/\/knalpijp.be\/fr\/wp-json\/wp\/v2\/types\/page"}],"author":[{"embeddable":true,"href":"https:\/\/knalpijp.be\/fr\/wp-json\/wp\/v2\/users\/1"}],"replies":[{"embeddable":true,"href":"https:\/\/knalpijp.be\/fr\/wp-json\/wp\/v2\/comments?post=562"}],"version-history":[{"count":177,"href":"https:\/\/knalpijp.be\/fr\/wp-json\/wp\/v2\/pages\/562\/revisions"}],"predecessor-version":[{"id":6095,"href":"https:\/\/knalpijp.be\/fr\/wp-json\/wp\/v2\/pages\/562\/revisions\/6095"}],"wp:attachment":[{"href":"https:\/\/knalpijp.be\/fr\/wp-json\/wp\/v2\/media?parent=562"}],"curies":[{"name":"wp","href":"https:\/\/api.w.org\/{rel}","templated":true}]}}