{"id":2524,"date":"2020-03-10T18:07:46","date_gmt":"2020-03-10T17:07:46","guid":{"rendered":"https:\/\/knalpijp.be\/?page_id=2524"},"modified":"2024-04-23T20:29:41","modified_gmt":"2024-04-23T18:29:41","slug":"disclaimer","status":"publish","type":"page","link":"https:\/\/knalpijp.be\/fr\/disclaimer\/","title":{"rendered":"Privacyverklaring"},"content":{"rendered":"<h2>D\u00c9CLARATION G\u00c9N\u00c9RALE DE CONFIDENTIALIT\u00c9<\/h2>\n<p style=\"text-align: left;\"><b>\u201cBelgian Gay Motorcycle Club Knalpijp\u201d , afgekort BGMC-Knalpijp,\u00a0 hecht veel belang aan de bescherming van jouw persoonsgegevens en het respecteren van je privacy.<\/b><\/p>\n<p style=\"text-align: left;\">Dans cette d\u00e9claration de confidentialit\u00e9, vous recevrez des informations claires et transparentes sur les donn\u00e9es personnelles que nous collectons et comment nous les traitons. Nous mettons tout en \u0153uvre pour garantir votre confidentialit\u00e9 et traitons donc vos donn\u00e9es personnelles avec soin.<\/p>\n<p style=\"text-align: left;\">BGMC-Knalpijp se conforme dans tous les cas aux lois et r\u00e9glementations applicables, y compris le r\u00e8glement g\u00e9n\u00e9ral sur la protection des donn\u00e9es.<\/p>\n<p style=\"text-align: left;\">En tant que BGMC-Knalpijp, nous sommes responsables du traitement de vos donn\u00e9es personnelles. Cela se fait dans le cadre de la gestion de nos membres, pour l&#039;organisation de nos activit\u00e9s et pour vous informer et vous tenir inform\u00e9 de nos activit\u00e9s.<\/p>\n<p style=\"text-align: left;\">De plus, en tant que groupe, nous faisons \u00e9galement partie de la grande organisation \u00c7avaria. Ils sont \u00e0 leur tour responsables du traitement des donn\u00e9es qui nous sont demand\u00e9es.<\/p>\n<p style=\"text-align: left;\">Si vous avez des questions sur le traitement de vos donn\u00e9es, vous pouvez nous contacter via les coordonn\u00e9es ci-dessous.<\/p>\n<p style=\"text-align: left;\">Si vous avez des questions ou souhaitez nous contacter apr\u00e8s avoir lu notre d\u00e9claration de confidentialit\u00e9 ou dans un sens g\u00e9n\u00e9ral, vous pouvez le faire via<\/p>\n<p style=\"text-align: left;\">\u201cBelgian Gay Motorcycle Club KNALPIJP\u201d<\/p>\n<p style=\"text-align: left;\">Draakplaats 1, 2018 Anvers<\/p>\n<p style=\"text-align: left;\">Email: BGMC-KNALPIJP@outlook.com<\/p>\n<table cellspacing=\"0\" cellpadding=\"0\">\n<tbody>\n<tr>\n<td valign=\"top\"><b>Pourquoi collectons-nous et traitons-nous vos donn\u00e9es personnelles?<\/b><\/td>\n<\/tr>\n<\/tbody>\n<\/table>\n<p style=\"text-align: left;\">BGMC-Knalpijp traite les donn\u00e9es personnelles des membres dans les buts suivants:<\/p>\n<ul style=\"text-align: left;\">\n<li class=\"translation-block\">Pour vous permettre de participer aux activit\u00e9s de BGMC-Knalpijp<\/li>\n<li><i>Pour pouvoir informer les membres sur (le fonctionnement de) notre groupe (via newsletters, invitations ...).<\/i><\/li>\n<li><i>Pour assurer aux membres les meilleurs soins de sant\u00e9 possibles et pour r\u00e9agir ad\u00e9quatement si n\u00e9cessaire.<\/i><\/li>\n<li><i>Pour pouvoir assurer les membres lors de certaines activit\u00e9s du groupe.<\/i><\/li>\n<li><i>Pour pouvoir obtenir des subventions \u00e9ventuelles du gouvernement.<\/i><\/li>\n<li><i>\u00c0 des fins d&#039;archivage. <\/i><\/li>\n<\/ul>\n<p style=\"text-align: left;\">Pour les objectifs \u00e9num\u00e9r\u00e9s ci-dessus, nous pouvons demander les donn\u00e9es personnelles suivantes :<\/p>\n<ul style=\"text-align: left;\">\n<li><i>Donn\u00e9es personnelles d&#039;identit\u00e9 du membre: nom, pr\u00e9nom.<\/i><\/li>\n<li><i>Coordonn\u00e9es: adresse (s), num\u00e9ro (s) de t\u00e9l\u00e9phone, adresse (s) e-mail.<\/i><\/li>\n<li><i>Persoonlijke kenmerken:\u00a0 geboortedatum, nationaliteit. <\/i><\/li>\n<li><i>Nom et num\u00e9ro de portable d&#039;une troisi\u00e8me personne pour les joindre en cas d&#039;urgence. <\/i><\/li>\n<\/ul>\n<p style=\"text-align: left;\">Door u aan te sluiten bij\u00a0 BGMC-Knalpijp geeft u toestemming voor de verwerking van de gegevens.<\/p>\n<table cellspacing=\"0\" cellpadding=\"0\">\n<tbody>\n<tr>\n<td valign=\"top\"><b>Communication de vos donn\u00e9es \u00e0 des tiers<\/b><\/td>\n<\/tr>\n<\/tbody>\n<\/table>\n<p style=\"text-align: left;\">Nous pouvons transmettre les donn\u00e9es que vous nous fournissez \u00e0 des tiers si cela est n\u00e9cessaire pour la mise en \u0153uvre des finalit\u00e9s d\u00e9crites ci-dessus ou en raison d'obligations l\u00e9gales.<\/p>\n<p style=\"text-align: left;\">Par exemple, nous utilisons une tierce partie pour :<\/p>\n<ul style=\"text-align: left;\">\n<li><i>stocker les donn\u00e9es dont nous avons besoin pour nos op\u00e9rations (par exemple Jotform, Onedrive ...).<\/i><\/li>\n<li><i>pr\u00e9parer et distribuer des bulletins et des invitations.<\/i><\/li>\n<li><i>l&#039;h\u00e9bergement de notre site Internet.<\/i><\/li>\n<li><i>Acc\u00e8s aux pages Facebook ferm\u00e9es, Weebow, etc.<\/i><\/li>\n<\/ul>\n<p style=\"text-align: left;\">En outre, une autorit\u00e9 locale peut demander des informations dans le cadre des r\u00e9glementations de subvention et \/ ou de s\u00e9curit\u00e9.<\/p>\n<p style=\"text-align: left;\">Nous ne faisons jamais traiter de donn\u00e9es personnelles par des tiers si nous n'avons pas conclu d'accord de traitement avec eux. Nous prenons bien entendu les dispositions n\u00e9cessaires avec ces parties pour assurer la s\u00e9curit\u00e9 de vos donn\u00e9es personnelles.<\/p>\n<p style=\"text-align: left;\">Nous ne fournissons pas de donn\u00e9es personnelles \u00e0 des parties situ\u00e9es en dehors de l&#039;UE.<\/p>\n<table cellspacing=\"0\" cellpadding=\"0\">\n<tbody>\n<tr>\n<td valign=\"top\"><b>P\u00e9riode de conservation de vos donn\u00e9es<\/b><\/td>\n<\/tr>\n<\/tbody>\n<\/table>\n<p style=\"text-align: left;\">BGMC-Knalpijp ne conserve pas les donn\u00e9es personnelles plus longtemps qu'il n'est n\u00e9cessaire aux fins pour lesquelles elles nous ont \u00e9t\u00e9 fournies, ou plus longtemps que la loi ne l'exige.<\/p>\n<ul style=\"text-align: left;\">\n<li><i>Les listes de membres sont mises \u00e0 jour annuellement, les donn\u00e9es des membres qui n'adh\u00e8rent plus sont supprim\u00e9es apr\u00e8s 2 ans. (De cette fa\u00e7on, nous pouvons vous inviter \u00e0 des moments exceptionnels ou pour des occasions sp\u00e9ciales pendant l'ann\u00e9e qui suit la fin de votre affiliation \u00e0 notre groupe).<\/i><\/li>\n<li><i>Nous conservons un certain nombre de donn\u00e9es pour une dur\u00e9e ind\u00e9termin\u00e9e afin, p. ex., de pouvoir vous inviter \u00e0 une r\u00e9union ou un anniversaire. Il s'entend qu'apr\u00e8s la fin de votre affiliation, nous ne continuerons pas \u00e0 utiliser vos donn\u00e9es pour vous informer de tout ce qui concerne notre fonctionnement.<\/i><\/li>\n<\/ul>\n<p style=\"text-align: left;\">BGMC-Knalpijp a pris diverses mesures de s\u00e9curit\u00e9 pour \u00e9viter que vos donn\u00e9es personnelles ne soient perdues, utilis\u00e9es ill\u00e9galement ou modifi\u00e9es par d&#039;autres.<\/p>\n<table cellspacing=\"0\" cellpadding=\"0\">\n<tbody>\n<tr>\n<td valign=\"top\"><b>S\u00e9curit\u00e9 de vos donn\u00e9es<\/b><\/td>\n<\/tr>\n<\/tbody>\n<\/table>\n<p style=\"text-align: left;\">Nous avons pris les mesures appropri\u00e9es pour prot\u00e9ger les donn\u00e9es personnelles contre les traitements illicites.<\/p>\n<ul style=\"text-align: left;\">\n<li>Le BGMC-Knalpijp utilise divers outils pour l'administration des membres. L'acc\u00e8s \u00e0 ces outils est accord\u00e9 sur la base d'une connexion personnelle et de droits d'utilisateur sp\u00e9cifiques. Toute personne disposant d'une telle connexion garantit que personne ne peut l'utiliser \u00e0 mauvais escient pour obtenir un acc\u00e8s non autoris\u00e9.<\/li>\n<li>Quiconque peut acc\u00e9der, au nom de BGMC-Knalpijp, aux registres des membres respectera les accords conclus au sein du Conseil d'administration.<\/li>\n<li>Gegevens die op papier bijgehouden worden, houden we bij in een aparte map waar enkel het bestuur toegang toe heeft. Deze gegevens worden jaarlijks vernietigd of\u00a0 bij het einde van het lidmaatschap van een lid.<\/li>\n<li>Si nous stockons certaines donn\u00e9es num\u00e9riquement, par exemple sous la forme d'une liste de membres ou de participants, cela est toujours fait de telle sorte que seules les personnes autoris\u00e9es peuvent y acc\u00e9der.<\/li>\n<\/ul>\n<table cellspacing=\"0\" cellpadding=\"0\">\n<tbody>\n<tr>\n<td valign=\"top\"><b>Utilisation d&#039;images<\/b><\/td>\n<\/tr>\n<\/tbody>\n<\/table>\n<p style=\"text-align: left;\">A chaque (r\u00e9) inscription dans le club, le texte suivant est pr\u00e9sent\u00e9 aux membres.<\/p>\n<p style=\"text-align: left;\"><b>Consentement<\/b><\/p>\n<table cellspacing=\"0\" cellpadding=\"0\">\n<tbody>\n<tr>\n<td valign=\"top\">Dans le cadre de la l\u00e9gislation sur la confidentialit\u00e9, nous vous demandons \u00e9galement si vous autorisez la prise de photos.<\/p>\n<p>0 \u00a0 \u00a0 JA<\/p>\n<ol>\n<li><i><\/i>NON<\/li>\n<\/ol>\n<p><i>Si vous autorisez \u00e0 prendre des photos, vous autorisez \u00e9galement \u00e0 utiliser des photos lorsque vous vous tenez dans des publications en ligne et hors ligne de nos activit\u00e9s de groupe (reportage sur notre site Web, sur le site Web du club, sur notre page Facebook, ...). .<\/i><\/p>\n<p><i>\u00a0Si vous donnez l&#039;autorisation, les photos cibl\u00e9es ne seront utilis\u00e9es que dans les pages ferm\u00e9es des membres du site Web, Facebook, ...<\/i><\/p>\n<p><i>\u00a0Le club n'a pas besoin d'autorisation pour prendre des photos non cibl\u00e9es \/ photos de masse. M\u00eame si vous cliquez sur \u00abnon\u00bb, nous pouvons utiliser ces photos non cibl\u00e9es sur lesquelles vous figurez dans des publications on- et offline.<\/i><\/td>\n<\/tr>\n<\/tbody>\n<\/table>\n<p style=\"text-align: left;\">Il est interdit de diffuser ces images en dehors du club sans l'autorisation expresse des personnes pr\u00e9sentes sur des supports visuels (photos, films, ...).<\/p>\n<table cellspacing=\"0\" cellpadding=\"0\">\n<tbody>\n<tr>\n<td valign=\"top\"><b>Comment pouvez-vous consulter, ajuster ou faire supprimer vos donn\u00e9es ? <\/b><\/td>\n<\/tr>\n<\/tbody>\n<\/table>\n<ul style=\"text-align: left;\">\n<li>Vous avez le droit de consulter les donn\u00e9es qui vous concernent.<\/li>\n<li>Vous avez droit \u00e0 des corrections et \u00e0 des ajouts si vos donn\u00e9es sont incorrectes ou incompl\u00e8tes.<\/li>\n<li>Vous avez le droit de faire effacer (supprimer) les donn\u00e9es personnelles que nous avons re\u00e7ues de votre part.<\/li>\n<\/ul>\n<p style=\"text-align: left;\">Vous pouvez contacter le conseil pour cela, en utilisant les coordonn\u00e9es indiqu\u00e9es.<\/p>\n<table cellspacing=\"0\" cellpadding=\"0\">\n<tbody>\n<tr>\n<td valign=\"top\"><b>Site Internet <\/b><\/td>\n<\/tr>\n<\/tbody>\n<\/table>\n<p style=\"text-align: left;\">Les serveurs stockent automatiquement les donn\u00e9es que le navigateur du visiteur leur envoie, \u00e0 chaque fois qu'il visite le site Web BGMC-Knalpijp. Ces fichiers journaux du serveur peuvent contenir les informations suivantes : la date et l'heure de la visite, l'adresse IP du visiteur, le type de navigateur que le visiteur utilise, la langue du navigateur et la taille de l'\u00e9cran du navigateur, et un ou plusieurs cookies auxquels le navigateur peut \u00eatre reconnu. Ces informations ne sont pas associ\u00e9es \u00e0 des donn\u00e9es personnelles collect\u00e9es ailleurs. BGMC-Knalpijp ne stocke aucune donn\u00e9e et n'utilise aucune donn\u00e9e collect\u00e9e via les cookies.<\/p>\n<table cellspacing=\"0\" cellpadding=\"0\">\n<tbody>\n<tr>\n<td valign=\"top\"><b>Et si vous avez encore des plaintes?<\/b><\/td>\n<\/tr>\n<\/tbody>\n<\/table>\n<p style=\"text-align: left;\">Si vous avez une plainte, vous pouvez toujours contacter le secr\u00e9taire ou le pr\u00e9sident du BGMC-Knalpijp<\/p>\n<p style=\"text-align: left;\">Vous avez toujours le droit de d\u00e9poser une plainte aupr\u00e8s de l'autorit\u00e9 de surveillance dans le domaine de la protection de la vie priv\u00e9e : Autorit\u00e9 de protection des donn\u00e9es (APD), Rue de la Presse 35, 1000 Bruxelles (<a href=\"mailto:commission@privacycommission.be\">commission@privacycommission.be<\/a>). Nous esp\u00e9rons toujours que tout probl\u00e8me au sein du groupe pourra \u00eatre discut\u00e9 et r\u00e9solu.<\/p>\n<table cellspacing=\"0\" cellpadding=\"0\">\n<tbody>\n<tr>\n<td valign=\"top\"><b>Modifications de la d\u00e9claration de confidentialit\u00e9 <\/b><\/td>\n<\/tr>\n<\/tbody>\n<\/table>\n<p style=\"text-align: left;\">BGMC-Knalpijp, peut toujours ajuster sa d\u00e9claration de confidentialit\u00e9. Nous annoncerons cette modification par e-mail \u00e0 tous les membres et via le site Internet. Le dernier changement est arriv\u00e9 le &#039;02 \/ 02\/2020 &#039;.<\/p>","protected":false},"excerpt":{"rendered":"<p>ALGEMENE PRIVACYVERKLARING \u201cBelgian Gay Motorcycle Club Knalpijp\u201d , afgekort BGMC-Knalpijp,\u00a0 hecht veel belang aan de bescherming van jouw persoonsgegevens en het respecteren van je privacy. In deze privacyverklaring krijg je heldere en transparante informatie over welke persoonsgegevens we verzamelen en hoe wij daarmee omgaan. We doen er alles aan om jouw privacy te waarborgen en [&hellip;]<\/p>","protected":false},"author":217,"featured_media":0,"parent":0,"menu_order":0,"comment_status":"closed","ping_status":"closed","template":"","meta":{"footnotes":""},"yoast_head":"<!-- This site is optimized with the Yoast SEO plugin v21.9.1 - https:\/\/yoast.com\/wordpress\/plugins\/seo\/ -->\n<title>Privacyverklaring - BGMC Knalpijp<\/title>\n<meta name=\"robots\" content=\"noindex, follow\" \/>\n<meta property=\"og:locale\" content=\"fr_FR\" \/>\n<meta property=\"og:type\" content=\"article\" \/>\n<meta property=\"og:title\" content=\"Privacyverklaring - BGMC Knalpijp\" \/>\n<meta property=\"og:description\" content=\"ALGEMENE PRIVACYVERKLARING \u201cBelgian Gay Motorcycle Club Knalpijp\u201d , afgekort BGMC-Knalpijp,\u00a0 hecht veel belang aan de bescherming van jouw persoonsgegevens en het respecteren van je privacy. In deze privacyverklaring krijg je heldere en transparante informatie over welke persoonsgegevens we verzamelen en hoe wij daarmee omgaan. We doen er alles aan om jouw privacy te waarborgen en [&hellip;]\" \/>\n<meta property=\"og:url\" content=\"https:\/\/knalpijp.be\/fr\/disclaimer\/\" \/>\n<meta property=\"og:site_name\" content=\"BGMC Knalpijp\" \/>\n<meta property=\"article:publisher\" content=\"https:\/\/www.facebook.com\/belgiangaymotorcycleclub\" \/>\n<meta property=\"article:modified_time\" content=\"2024-04-23T18:29:41+00:00\" \/>\n<meta name=\"twitter:card\" content=\"summary_large_image\" \/>\n<meta name=\"twitter:label1\" content=\"Dur\u00e9e de lecture est.\" \/>\n\t<meta name=\"twitter:data1\" content=\"6 minutes\" \/>\n<script type=\"application\/ld+json\" class=\"yoast-schema-graph\">{\"@context\":\"https:\/\/schema.org\",\"@graph\":[{\"@type\":\"WebPage\",\"@id\":\"https:\/\/knalpijp.be\/disclaimer\/\",\"url\":\"https:\/\/knalpijp.be\/disclaimer\/\",\"name\":\"Privacyverklaring - BGMC Knalpijp\",\"isPartOf\":{\"@id\":\"https:\/\/knalpijp.be\/#website\"},\"datePublished\":\"2020-03-10T17:07:46+00:00\",\"dateModified\":\"2024-04-23T18:29:41+00:00\",\"breadcrumb\":{\"@id\":\"https:\/\/knalpijp.be\/disclaimer\/#breadcrumb\"},\"inLanguage\":\"fr-BE\",\"potentialAction\":[{\"@type\":\"ReadAction\",\"target\":[\"https:\/\/knalpijp.be\/disclaimer\/\"]}]},{\"@type\":\"BreadcrumbList\",\"@id\":\"https:\/\/knalpijp.be\/disclaimer\/#breadcrumb\",\"itemListElement\":[{\"@type\":\"ListItem\",\"position\":1,\"name\":\"Home\",\"item\":\"https:\/\/knalpijp.be\/\"},{\"@type\":\"ListItem\",\"position\":2,\"name\":\"Privacyverklaring\"}]},{\"@type\":\"WebSite\",\"@id\":\"https:\/\/knalpijp.be\/#website\",\"url\":\"https:\/\/knalpijp.be\/\",\"name\":\"BGMC Knalpijp\",\"description\":\"Belgian Gay Motorcycle Club\/ Club de motards gay Belgique\",\"publisher\":{\"@id\":\"https:\/\/knalpijp.be\/#organization\"},\"inLanguage\":\"fr-BE\"},{\"@type\":\"Organization\",\"@id\":\"https:\/\/knalpijp.be\/#organization\",\"name\":\"BGMC Knalpijp\",\"url\":\"https:\/\/knalpijp.be\/\",\"logo\":{\"@type\":\"ImageObject\",\"inLanguage\":\"fr-BE\",\"@id\":\"https:\/\/knalpijp.be\/#\/schema\/logo\/image\/\",\"url\":\"https:\/\/knalpijp.be\/wp-content\/uploads\/2020\/01\/cropped-cropped-Knalpijp_logo_homepage-768x480-1.jpg\",\"contentUrl\":\"https:\/\/knalpijp.be\/wp-content\/uploads\/2020\/01\/cropped-cropped-Knalpijp_logo_homepage-768x480-1.jpg\",\"width\":768,\"height\":480,\"caption\":\"BGMC Knalpijp\"},\"image\":{\"@id\":\"https:\/\/knalpijp.be\/#\/schema\/logo\/image\/\"},\"sameAs\":[\"https:\/\/www.facebook.com\/belgiangaymotorcycleclub\"]}]}<\/script>\n<!-- \/ Yoast SEO plugin. -->","yoast_head_json":{"title":"Privacyverklaring - BGMC Knalpijp","robots":{"index":"noindex","follow":"follow"},"og_locale":"fr_FR","og_type":"article","og_title":"Privacyverklaring - BGMC Knalpijp","og_description":"ALGEMENE PRIVACYVERKLARING \u201cBelgian Gay Motorcycle Club Knalpijp\u201d , afgekort BGMC-Knalpijp,\u00a0 hecht veel belang aan de bescherming van jouw persoonsgegevens en het respecteren van je privacy. In deze privacyverklaring krijg je heldere en transparante informatie over welke persoonsgegevens we verzamelen en hoe wij daarmee omgaan. We doen er alles aan om jouw privacy te waarborgen en [&hellip;]","og_url":"https:\/\/knalpijp.be\/fr\/disclaimer\/","og_site_name":"BGMC Knalpijp","article_publisher":"https:\/\/www.facebook.com\/belgiangaymotorcycleclub","article_modified_time":"2024-04-23T18:29:41+00:00","twitter_card":"summary_large_image","twitter_misc":{"Dur\u00e9e de lecture est.":"6 minutes"},"schema":{"@context":"https:\/\/schema.org","@graph":[{"@type":"WebPage","@id":"https:\/\/knalpijp.be\/disclaimer\/","url":"https:\/\/knalpijp.be\/disclaimer\/","name":"Privacyverklaring - BGMC Knalpijp","isPartOf":{"@id":"https:\/\/knalpijp.be\/#website"},"datePublished":"2020-03-10T17:07:46+00:00","dateModified":"2024-04-23T18:29:41+00:00","breadcrumb":{"@id":"https:\/\/knalpijp.be\/disclaimer\/#breadcrumb"},"inLanguage":"fr-BE","potentialAction":[{"@type":"ReadAction","target":["https:\/\/knalpijp.be\/disclaimer\/"]}]},{"@type":"BreadcrumbList","@id":"https:\/\/knalpijp.be\/disclaimer\/#breadcrumb","itemListElement":[{"@type":"ListItem","position":1,"name":"Home","item":"https:\/\/knalpijp.be\/"},{"@type":"ListItem","position":2,"name":"Privacyverklaring"}]},{"@type":"WebSite","@id":"https:\/\/knalpijp.be\/#website","url":"https:\/\/knalpijp.be\/","name":"BGMC Knalpijp","description":"Belgian Gay Motorcycle Club\/ Club de motards gay Belgique","publisher":{"@id":"https:\/\/knalpijp.be\/#organization"},"inLanguage":"fr-BE"},{"@type":"Organization","@id":"https:\/\/knalpijp.be\/#organization","name":"BGMC Knalpijp","url":"https:\/\/knalpijp.be\/","logo":{"@type":"ImageObject","inLanguage":"fr-BE","@id":"https:\/\/knalpijp.be\/#\/schema\/logo\/image\/","url":"https:\/\/knalpijp.be\/wp-content\/uploads\/2020\/01\/cropped-cropped-Knalpijp_logo_homepage-768x480-1.jpg","contentUrl":"https:\/\/knalpijp.be\/wp-content\/uploads\/2020\/01\/cropped-cropped-Knalpijp_logo_homepage-768x480-1.jpg","width":768,"height":480,"caption":"BGMC Knalpijp"},"image":{"@id":"https:\/\/knalpijp.be\/#\/schema\/logo\/image\/"},"sameAs":["https:\/\/www.facebook.com\/belgiangaymotorcycleclub"]}]}},"_links":{"self":[{"href":"https:\/\/knalpijp.be\/fr\/wp-json\/wp\/v2\/pages\/2524"}],"collection":[{"href":"https:\/\/knalpijp.be\/fr\/wp-json\/wp\/v2\/pages"}],"about":[{"href":"https:\/\/knalpijp.be\/fr\/wp-json\/wp\/v2\/types\/page"}],"author":[{"embeddable":true,"href":"https:\/\/knalpijp.be\/fr\/wp-json\/wp\/v2\/users\/217"}],"replies":[{"embeddable":true,"href":"https:\/\/knalpijp.be\/fr\/wp-json\/wp\/v2\/comments?post=2524"}],"version-history":[{"count":63,"href":"https:\/\/knalpijp.be\/fr\/wp-json\/wp\/v2\/pages\/2524\/revisions"}],"predecessor-version":[{"id":6049,"href":"https:\/\/knalpijp.be\/fr\/wp-json\/wp\/v2\/pages\/2524\/revisions\/6049"}],"wp:attachment":[{"href":"https:\/\/knalpijp.be\/fr\/wp-json\/wp\/v2\/media?parent=2524"}],"curies":[{"name":"wp","href":"https:\/\/api.w.org\/{rel}","templated":true}]}}